{"id":212,"date":"2026-03-09T12:54:18","date_gmt":"2026-03-09T12:54:18","guid":{"rendered":"https:\/\/odoncampusresidences.com\/?page_id=212"},"modified":"2026-04-15T11:08:53","modified_gmt":"2026-04-15T11:08:53","slug":"la-residencia","status":"publish","type":"page","link":"https:\/\/odoncampusresidences.com\/index.php\/la-residencia\/","title":{"rendered":"la residencia"},"content":{"rendered":"\t\t<div data-elementor-type=\"wp-page\" data-elementor-id=\"212\" class=\"elementor elementor-212\" data-elementor-post-type=\"page\">\n\t\t\t\t<div class=\"elementor-element elementor-element-8f5310c e-con-full e-flex elementor-invisible e-con e-parent\" data-id=\"8f5310c\" data-element_type=\"container\" data-e-type=\"container\" data-settings=\"{&quot;background_background&quot;:&quot;classic&quot;,&quot;animation&quot;:&quot;fadeIn&quot;}\">\n\t\t\t\t<div class=\"elementor-element elementor-element-e5aab45 elementor-widget elementor-widget-image\" data-id=\"e5aab45\" data-element_type=\"widget\" data-e-type=\"widget\" data-widget_type=\"image.default\">\n\t\t\t\t\t\t\t\t\t\t\t\t\t\t\t<img fetchpriority=\"high\" decoding=\"async\" width=\"1200\" height=\"580\" src=\"https:\/\/odoncampusresidences.com\/wp-content\/uploads\/2026\/03\/la-residencia-header-2.jpg\" class=\"attachment-full size-full wp-image-618\" alt=\"\" srcset=\"https:\/\/odoncampusresidences.com\/wp-content\/uploads\/2026\/03\/la-residencia-header-2.jpg 1200w, https:\/\/odoncampusresidences.com\/wp-content\/uploads\/2026\/03\/la-residencia-header-2-300x145.jpg 300w, https:\/\/odoncampusresidences.com\/wp-content\/uploads\/2026\/03\/la-residencia-header-2-1024x495.jpg 1024w, https:\/\/odoncampusresidences.com\/wp-content\/uploads\/2026\/03\/la-residencia-header-2-768x371.jpg 768w, https:\/\/odoncampusresidences.com\/wp-content\/uploads\/2026\/03\/la-residencia-header-2-600x290.jpg 600w\" sizes=\"(max-width: 1200px) 100vw, 1200px\" \/>\t\t\t\t\t\t\t\t\t\t\t\t\t\t\t<\/div>\n\t\t\t\t<\/div>\n\t\t<div class=\"elementor-element elementor-element-576d213 e-flex e-con-boxed e-con e-parent\" data-id=\"576d213\" data-element_type=\"container\" data-e-type=\"container\">\n\t\t\t\t\t<div class=\"e-con-inner\">\n\t\t\t\t<div class=\"elementor-element elementor-element-2ad2616 elementor-invisible elementor-widget elementor-widget-heading\" data-id=\"2ad2616\" data-element_type=\"widget\" data-e-type=\"widget\" data-settings=\"{&quot;_animation&quot;:&quot;fadeInUp&quot;}\" data-widget_type=\"heading.default\">\n\t\t\t\t\t<h2 class=\"elementor-heading-title elementor-size-default\">la residencia<\/h2>\t\t\t\t<\/div>\n\t\t\t\t<div class=\"elementor-element elementor-element-8d4d086 elementor-widget elementor-widget-text-editor\" data-id=\"8d4d086\" data-element_type=\"widget\" data-e-type=\"widget\" data-widget_type=\"text-editor.default\">\n\t\t\t\t\t\t\t\t\t<p>Nuestra residencia ofrece <strong>zonas comunes<\/strong> dise\u00f1adas para aportar comodidad, funcionalidad y un entorno cuidado donde estudiar, compartir y desconectar.<\/p><p>Dispone de <strong>parking para bicicletas y monopatines con carga el\u00e9ctrica<\/strong>, sala multifuncional con cocina y m\u00e1quinas de vending con productos de primera calidad, amplio <strong>jard\u00edn y chill-out<\/strong> exterior, lavander\u00eda y Amazon lockers, todo pensado para facilitar tu d\u00eda a d\u00eda.<\/p><p>En cualquier lugar de la residencia dispondr\u00e1s de <strong>internet de alta velocidad<\/strong>. Todas las estancias, comunes y privadas, est\u00e1n acondicionadas con <strong>calefacci\u00f3n y aire acondicionado por aerotermia<\/strong>, para ofrecerte el m\u00e1ximo confort en cualquier momento del a\u00f1o.<\/p><p>La residencia dispone de <strong>videovigilancia<\/strong> perimetral de los accesos y pasillos del edificio las 24 horas del d\u00eda para garantizar la seguridad de nuestros residentes sin que en ning\u00fan caso comprometa su intimidad.<\/p>\t\t\t\t\t\t\t\t<\/div>\n\t\t<div class=\"elementor-element elementor-element-042c57b e-grid e-con-full e-con e-child\" data-id=\"042c57b\" data-element_type=\"container\" data-e-type=\"container\">\n\t\t\t\t<div class=\"elementor-element elementor-element-8532128 elementor-position-top elementor-widget elementor-widget-image-box\" data-id=\"8532128\" data-element_type=\"widget\" data-e-type=\"widget\" data-widget_type=\"image-box.default\">\n\t\t\t\t\t<div class=\"elementor-image-box-wrapper\"><figure class=\"elementor-image-box-img\"><img decoding=\"async\" width=\"160\" height=\"110\" src=\"https:\/\/odoncampusresidences.com\/wp-content\/uploads\/2026\/03\/ico_lockers-.svg\" class=\"attachment-full size-full wp-image-111\" alt=\"\" \/><\/figure><div class=\"elementor-image-box-content\"><h3 class=\"elementor-image-box-title\">LOCKERS DE AMAZON<\/h3><\/div><\/div>\t\t\t\t<\/div>\n\t\t\t\t<div class=\"elementor-element elementor-element-d8b4d55 elementor-position-top elementor-widget elementor-widget-image-box\" data-id=\"d8b4d55\" data-element_type=\"widget\" data-e-type=\"widget\" data-widget_type=\"image-box.default\">\n\t\t\t\t\t<div class=\"elementor-image-box-wrapper\"><figure class=\"elementor-image-box-img\"><img decoding=\"async\" width=\"160\" height=\"110\" src=\"https:\/\/odoncampusresidences.com\/wp-content\/uploads\/2026\/03\/ico_bici.svg\" class=\"attachment-full size-full wp-image-637\" alt=\"\" \/><\/figure><div class=\"elementor-image-box-content\"><h3 class=\"elementor-image-box-title\">PARKING DE BICIS<\/h3><\/div><\/div>\t\t\t\t<\/div>\n\t\t\t\t<div class=\"elementor-element elementor-element-9478f41 elementor-position-top elementor-widget elementor-widget-image-box\" data-id=\"9478f41\" data-element_type=\"widget\" data-e-type=\"widget\" data-widget_type=\"image-box.default\">\n\t\t\t\t\t<div class=\"elementor-image-box-wrapper\"><figure class=\"elementor-image-box-img\"><img loading=\"lazy\" decoding=\"async\" width=\"160\" height=\"110\" src=\"https:\/\/odoncampusresidences.com\/wp-content\/uploads\/2026\/03\/ico-lavadora-.svg\" class=\"attachment-full size-full wp-image-113\" alt=\"\" \/><\/figure><div class=\"elementor-image-box-content\"><h3 class=\"elementor-image-box-title\">cuarto de LAVANDER\u00cdA<\/h3><\/div><\/div>\t\t\t\t<\/div>\n\t\t\t\t<div class=\"elementor-element elementor-element-1f86960 elementor-position-top elementor-widget elementor-widget-image-box\" data-id=\"1f86960\" data-element_type=\"widget\" data-e-type=\"widget\" data-widget_type=\"image-box.default\">\n\t\t\t\t\t<div class=\"elementor-image-box-wrapper\"><figure class=\"elementor-image-box-img\"><img loading=\"lazy\" decoding=\"async\" width=\"160\" height=\"110\" src=\"https:\/\/odoncampusresidences.com\/wp-content\/uploads\/2026\/03\/ico_escoba-.svg\" class=\"attachment-full size-full wp-image-110\" alt=\"\" \/><\/figure><div class=\"elementor-image-box-content\"><h3 class=\"elementor-image-box-title\">SERVICIO DE LIMPIEZA<\/h3><\/div><\/div>\t\t\t\t<\/div>\n\t\t\t\t<div class=\"elementor-element elementor-element-b12f9a3 elementor-position-top elementor-widget elementor-widget-image-box\" data-id=\"b12f9a3\" data-element_type=\"widget\" data-e-type=\"widget\" data-widget_type=\"image-box.default\">\n\t\t\t\t\t<div class=\"elementor-image-box-wrapper\"><figure class=\"elementor-image-box-img\"><img loading=\"lazy\" decoding=\"async\" width=\"160\" height=\"110\" src=\"https:\/\/odoncampusresidences.com\/wp-content\/uploads\/2026\/03\/ico_vigilancia-.svg\" class=\"attachment-full size-full wp-image-112\" alt=\"\" \/><\/figure><div class=\"elementor-image-box-content\"><h3 class=\"elementor-image-box-title\">VIDEOVIGILANCIA 24 HORAS<\/h3><\/div><\/div>\t\t\t\t<\/div>\n\t\t\t\t<div class=\"elementor-element elementor-element-cbc4b68 elementor-position-top elementor-widget elementor-widget-image-box\" data-id=\"cbc4b68\" data-element_type=\"widget\" data-e-type=\"widget\" data-widget_type=\"image-box.default\">\n\t\t\t\t\t<div class=\"elementor-image-box-wrapper\"><figure class=\"elementor-image-box-img\"><img loading=\"lazy\" decoding=\"async\" width=\"110\" height=\"110\" src=\"https:\/\/odoncampusresidences.com\/wp-content\/uploads\/2026\/03\/ico_incendio.svg\" class=\"attachment-full size-full wp-image-638\" alt=\"\" \/><\/figure><div class=\"elementor-image-box-content\"><h3 class=\"elementor-image-box-title\">extinci\u00f3n de incendios<\/h3><\/div><\/div>\t\t\t\t<\/div>\n\t\t\t\t<\/div>\n\t\t\t\t\t<\/div>\n\t\t\t\t<\/div>\n\t\t<div class=\"elementor-element elementor-element-3fde421 e-flex e-con-boxed e-con e-parent\" data-id=\"3fde421\" data-element_type=\"container\" data-e-type=\"container\" data-settings=\"{&quot;background_background&quot;:&quot;classic&quot;}\">\n\t\t\t\t\t<div class=\"e-con-inner\">\n\t\t\t\t<div class=\"elementor-element elementor-element-837b6c6 elementor-invisible elementor-widget elementor-widget-image\" data-id=\"837b6c6\" data-element_type=\"widget\" data-e-type=\"widget\" data-settings=\"{&quot;_animation&quot;:&quot;fadeIn&quot;}\" data-widget_type=\"image.default\">\n\t\t\t\t\t\t\t\t\t\t\t\t\t\t\t<img loading=\"lazy\" decoding=\"async\" width=\"1200\" height=\"650\" src=\"https:\/\/odoncampusresidences.com\/wp-content\/uploads\/2026\/04\/la-residencia-salon-DEF.jpg\" class=\"attachment-full size-full wp-image-1088\" alt=\"\" srcset=\"https:\/\/odoncampusresidences.com\/wp-content\/uploads\/2026\/04\/la-residencia-salon-DEF.jpg 1200w, https:\/\/odoncampusresidences.com\/wp-content\/uploads\/2026\/04\/la-residencia-salon-DEF-300x163.jpg 300w, https:\/\/odoncampusresidences.com\/wp-content\/uploads\/2026\/04\/la-residencia-salon-DEF-1024x555.jpg 1024w, https:\/\/odoncampusresidences.com\/wp-content\/uploads\/2026\/04\/la-residencia-salon-DEF-768x416.jpg 768w, https:\/\/odoncampusresidences.com\/wp-content\/uploads\/2026\/04\/la-residencia-salon-DEF-600x325.jpg 600w\" sizes=\"(max-width: 1200px) 100vw, 1200px\" \/>\t\t\t\t\t\t\t\t\t\t\t\t\t\t\t<\/div>\n\t\t\t\t<div class=\"elementor-element elementor-element-52eb516 elementor-invisible elementor-widget elementor-widget-heading\" data-id=\"52eb516\" data-element_type=\"widget\" data-e-type=\"widget\" data-settings=\"{&quot;_animation&quot;:&quot;fadeInDown&quot;}\" data-widget_type=\"heading.default\">\n\t\t\t\t\t<h3 class=\"elementor-heading-title elementor-size-default\">SALA COM\u00daN\n<\/h3>\t\t\t\t<\/div>\n\t\t\t\t<div class=\"elementor-element elementor-element-70e56bd elementor-widget elementor-widget-text-editor\" data-id=\"70e56bd\" data-element_type=\"widget\" data-e-type=\"widget\" data-widget_type=\"text-editor.default\">\n\t\t\t\t\t\t\t\t\t<p class=\"p1\">Es un <strong>espacio amplio y vers\u00e1til, totalmente acristalado<\/strong> y conectado con un porche orientado hacia el jard\u00edn. Est\u00e1 pensado para adaptarse a tu ritmo. Un lugar donde puedes relajarte compartiendo el tiempo con otros residentes o simplemente desconectar.<\/p><p class=\"p2\">Cuenta con una <strong>cocina equipada<\/strong> que permite preparar y disfrutar de tus comidas en un ambiente c\u00f3modo, as\u00ed como <strong>m\u00e1quinas de vending<\/strong> con productos de lujo para mayor practicidad en el d\u00eda a d\u00eda. Adem\u00e1s de una <strong>sala de estar con televisi\u00f3n<\/strong>.<\/p>\t\t\t\t\t\t\t\t<\/div>\n\t\t\t\t\t<\/div>\n\t\t\t\t<\/div>\n\t\t<div class=\"elementor-element elementor-element-8098ca9 e-flex e-con-boxed e-con e-parent\" data-id=\"8098ca9\" data-element_type=\"container\" data-e-type=\"container\" data-settings=\"{&quot;background_background&quot;:&quot;classic&quot;}\">\n\t\t\t\t\t<div class=\"e-con-inner\">\n\t\t\t\t<div class=\"elementor-element elementor-element-6b8272b elementor-invisible elementor-widget elementor-widget-image\" data-id=\"6b8272b\" data-element_type=\"widget\" data-e-type=\"widget\" data-settings=\"{&quot;_animation&quot;:&quot;fadeIn&quot;}\" data-widget_type=\"image.default\">\n\t\t\t\t\t\t\t\t\t\t\t\t\t\t\t<img loading=\"lazy\" decoding=\"async\" width=\"1200\" height=\"650\" src=\"https:\/\/odoncampusresidences.com\/wp-content\/uploads\/2026\/04\/la-residencia-salonext-2-DEF.jpg\" class=\"attachment-full size-full wp-image-1085\" alt=\"\" srcset=\"https:\/\/odoncampusresidences.com\/wp-content\/uploads\/2026\/04\/la-residencia-salonext-2-DEF.jpg 1200w, https:\/\/odoncampusresidences.com\/wp-content\/uploads\/2026\/04\/la-residencia-salonext-2-DEF-300x163.jpg 300w, https:\/\/odoncampusresidences.com\/wp-content\/uploads\/2026\/04\/la-residencia-salonext-2-DEF-1024x555.jpg 1024w, https:\/\/odoncampusresidences.com\/wp-content\/uploads\/2026\/04\/la-residencia-salonext-2-DEF-768x416.jpg 768w, https:\/\/odoncampusresidences.com\/wp-content\/uploads\/2026\/04\/la-residencia-salonext-2-DEF-600x325.jpg 600w\" sizes=\"(max-width: 1200px) 100vw, 1200px\" \/>\t\t\t\t\t\t\t\t\t\t\t\t\t\t\t<\/div>\n\t\t\t\t<div class=\"elementor-element elementor-element-f75eebd elementor-invisible elementor-widget elementor-widget-heading\" data-id=\"f75eebd\" data-element_type=\"widget\" data-e-type=\"widget\" data-settings=\"{&quot;_animation&quot;:&quot;fadeInDown&quot;}\" data-widget_type=\"heading.default\">\n\t\t\t\t\t<h3 class=\"elementor-heading-title elementor-size-default\">SAL\u00d3N EXTERIOR<\/h3>\t\t\t\t<\/div>\n\t\t\t\t<div class=\"elementor-element elementor-element-a6af9a2 elementor-widget elementor-widget-text-editor\" data-id=\"a6af9a2\" data-element_type=\"widget\" data-e-type=\"widget\" data-widget_type=\"text-editor.default\">\n\t\t\t\t\t\t\t\t\t<p class=\"p1\">El sal\u00f3 exterior es un <strong>espacio abierto y acogedor con tumbonas y ducha para refrescarse cuando llegue el calor<\/strong> y donde disfrutar del aire libre en un entorno cuidado y tranquilo y con <strong>vistas al amplio jard\u00edn<\/strong> que rodea el edificio.<\/p><p class=\"p1\">Un lugar perfecto para conversar, desconectar despu\u00e9s de clase o simplemente compartir un momento agradable en buena compa\u00f1\u00eda, combinando comodidad y contacto con el exterior.<\/p>\t\t\t\t\t\t\t\t<\/div>\n\t\t\t\t\t<\/div>\n\t\t\t\t<\/div>\n\t\t<div class=\"elementor-element elementor-element-71c3053 e-flex e-con-boxed e-con e-parent\" data-id=\"71c3053\" data-element_type=\"container\" data-e-type=\"container\" data-settings=\"{&quot;background_background&quot;:&quot;classic&quot;}\">\n\t\t\t\t\t<div class=\"e-con-inner\">\n\t\t\t\t<div class=\"elementor-element elementor-element-4ee9e48 elementor-invisible elementor-widget elementor-widget-image\" data-id=\"4ee9e48\" data-element_type=\"widget\" data-e-type=\"widget\" data-settings=\"{&quot;_animation&quot;:&quot;fadeIn&quot;}\" data-widget_type=\"image.default\">\n\t\t\t\t\t\t\t\t\t\t\t\t\t\t\t<img loading=\"lazy\" decoding=\"async\" width=\"1200\" height=\"648\" src=\"https:\/\/odoncampusresidences.com\/wp-content\/uploads\/2026\/04\/la-residencia-comidas-DEF.jpg\" class=\"attachment-full size-full wp-image-1087\" alt=\"\" srcset=\"https:\/\/odoncampusresidences.com\/wp-content\/uploads\/2026\/04\/la-residencia-comidas-DEF.jpg 1200w, https:\/\/odoncampusresidences.com\/wp-content\/uploads\/2026\/04\/la-residencia-comidas-DEF-300x162.jpg 300w, https:\/\/odoncampusresidences.com\/wp-content\/uploads\/2026\/04\/la-residencia-comidas-DEF-1024x553.jpg 1024w, https:\/\/odoncampusresidences.com\/wp-content\/uploads\/2026\/04\/la-residencia-comidas-DEF-768x415.jpg 768w, https:\/\/odoncampusresidences.com\/wp-content\/uploads\/2026\/04\/la-residencia-comidas-DEF-600x324.jpg 600w\" sizes=\"(max-width: 1200px) 100vw, 1200px\" \/>\t\t\t\t\t\t\t\t\t\t\t\t\t\t\t<\/div>\n\t\t\t\t<div class=\"elementor-element elementor-element-1da6607 elementor-invisible elementor-widget elementor-widget-heading\" data-id=\"1da6607\" data-element_type=\"widget\" data-e-type=\"widget\" data-settings=\"{&quot;_animation&quot;:&quot;fadeInDown&quot;}\" data-widget_type=\"heading.default\">\n\t\t\t\t\t<h3 class=\"elementor-heading-title elementor-size-default\">comidas\n<\/h3>\t\t\t\t<\/div>\n\t\t\t\t<div class=\"elementor-element elementor-element-1b5ec06 elementor-widget elementor-widget-text-editor\" data-id=\"1b5ec06\" data-element_type=\"widget\" data-e-type=\"widget\" data-widget_type=\"text-editor.default\">\n\t\t\t\t\t\t\t\t\t<p class=\"p2\">De <strong>lunes a viernes<\/strong> ambos incluidos el <strong>almuerzo<\/strong> a mediod\u00eda estar\u00e1 disponible en el <strong>comedor de la Universidad Europea de Madrid, <\/strong>a solo 3 minutos de la residencia, al otro lado de la calle.<\/p><p class=\"p2\">El desayuno y la cena se pueden hacer tanto en la propia habitaci\u00f3n, como en la cocina comunitaria o utilizando las m\u00e1quinas de vending de alto standing que encontrar\u00e1s en la sala com\u00fan de la residencia.<\/p>\t\t\t\t\t\t\t\t<\/div>\n\t\t\t\t\t<\/div>\n\t\t\t\t<\/div>\n\t\t<div class=\"elementor-element elementor-element-4b8020a e-flex e-con-boxed e-con e-parent\" data-id=\"4b8020a\" data-element_type=\"container\" data-e-type=\"container\" data-settings=\"{&quot;background_background&quot;:&quot;classic&quot;}\">\n\t\t\t\t\t<div class=\"e-con-inner\">\n\t\t\t\t<div class=\"elementor-element elementor-element-fd8ca67 elementor-invisible elementor-widget elementor-widget-image\" data-id=\"fd8ca67\" data-element_type=\"widget\" data-e-type=\"widget\" data-settings=\"{&quot;_animation&quot;:&quot;fadeIn&quot;}\" data-widget_type=\"image.default\">\n\t\t\t\t\t\t\t\t\t\t\t\t\t\t\t<img loading=\"lazy\" decoding=\"async\" width=\"1200\" height=\"580\" src=\"https:\/\/odoncampusresidences.com\/wp-content\/uploads\/2026\/03\/la-residencia-parking.jpg\" class=\"attachment-full size-full wp-image-224\" alt=\"\" srcset=\"https:\/\/odoncampusresidences.com\/wp-content\/uploads\/2026\/03\/la-residencia-parking.jpg 1200w, https:\/\/odoncampusresidences.com\/wp-content\/uploads\/2026\/03\/la-residencia-parking-600x290.jpg 600w, https:\/\/odoncampusresidences.com\/wp-content\/uploads\/2026\/03\/la-residencia-parking-300x145.jpg 300w, https:\/\/odoncampusresidences.com\/wp-content\/uploads\/2026\/03\/la-residencia-parking-1024x495.jpg 1024w, https:\/\/odoncampusresidences.com\/wp-content\/uploads\/2026\/03\/la-residencia-parking-768x371.jpg 768w\" sizes=\"(max-width: 1200px) 100vw, 1200px\" \/>\t\t\t\t\t\t\t\t\t\t\t\t\t\t\t<\/div>\n\t\t\t\t<div class=\"elementor-element elementor-element-8d4a56b elementor-invisible elementor-widget elementor-widget-heading\" data-id=\"8d4a56b\" data-element_type=\"widget\" data-e-type=\"widget\" data-settings=\"{&quot;_animation&quot;:&quot;fadeInDown&quot;}\" data-widget_type=\"heading.default\">\n\t\t\t\t\t<h3 class=\"elementor-heading-title elementor-size-default\">parking de bicicletas<\/h3>\t\t\t\t<\/div>\n\t\t\t\t<div class=\"elementor-element elementor-element-19154f1 elementor-widget elementor-widget-text-editor\" data-id=\"19154f1\" data-element_type=\"widget\" data-e-type=\"widget\" data-widget_type=\"text-editor.default\">\n\t\t\t\t\t\t\t\t\t<p class=\"p1\">El parking de bicicletas de la residencia es un <strong>espacio seguro y pr\u00e1ctico,<\/strong> dise\u00f1ado para guardar tu bici con comodidad. Adem\u00e1s dispondr\u00e1 de <strong>cargador el\u00e9ctrico<\/strong> que servir\u00e1 tanto para <strong>bicicletas<\/strong> como para <strong>monopatines<\/strong>.<\/p><p class=\"p1\">Ubicado cerca de la entrada de la finca, facilita tu movilidad diaria de manera organizada y accesible sin necesidad de desplazamientos.<\/p>\t\t\t\t\t\t\t\t<\/div>\n\t\t\t\t\t<\/div>\n\t\t\t\t<\/div>\n\t\t<div class=\"elementor-element elementor-element-7fe1868 e-flex e-con-boxed e-con e-parent\" data-id=\"7fe1868\" data-element_type=\"container\" data-e-type=\"container\" data-settings=\"{&quot;background_background&quot;:&quot;classic&quot;}\">\n\t\t\t\t\t<div class=\"e-con-inner\">\n\t\t\t\t<div class=\"elementor-element elementor-element-1e55f71 elementor-invisible elementor-widget elementor-widget-image\" data-id=\"1e55f71\" data-element_type=\"widget\" data-e-type=\"widget\" data-settings=\"{&quot;_animation&quot;:&quot;fadeIn&quot;}\" data-widget_type=\"image.default\">\n\t\t\t\t\t\t\t\t\t\t\t\t\t\t\t<img loading=\"lazy\" decoding=\"async\" width=\"1200\" height=\"580\" src=\"https:\/\/odoncampusresidences.com\/wp-content\/uploads\/2026\/03\/la-residencia-lavanderia.jpg\" class=\"attachment-full size-full wp-image-222\" alt=\"\" srcset=\"https:\/\/odoncampusresidences.com\/wp-content\/uploads\/2026\/03\/la-residencia-lavanderia.jpg 1200w, https:\/\/odoncampusresidences.com\/wp-content\/uploads\/2026\/03\/la-residencia-lavanderia-600x290.jpg 600w, https:\/\/odoncampusresidences.com\/wp-content\/uploads\/2026\/03\/la-residencia-lavanderia-300x145.jpg 300w, https:\/\/odoncampusresidences.com\/wp-content\/uploads\/2026\/03\/la-residencia-lavanderia-1024x495.jpg 1024w, https:\/\/odoncampusresidences.com\/wp-content\/uploads\/2026\/03\/la-residencia-lavanderia-768x371.jpg 768w\" sizes=\"(max-width: 1200px) 100vw, 1200px\" \/>\t\t\t\t\t\t\t\t\t\t\t\t\t\t\t<\/div>\n\t\t\t\t<div class=\"elementor-element elementor-element-607f428 elementor-invisible elementor-widget elementor-widget-heading\" data-id=\"607f428\" data-element_type=\"widget\" data-e-type=\"widget\" data-settings=\"{&quot;_animation&quot;:&quot;fadeInDown&quot;}\" data-widget_type=\"heading.default\">\n\t\t\t\t\t<h3 class=\"elementor-heading-title elementor-size-default\">LAVANDER\u00cdA Y LIMPIEZA<\/h3>\t\t\t\t<\/div>\n\t\t\t\t<div class=\"elementor-element elementor-element-729ab4a elementor-widget elementor-widget-text-editor\" data-id=\"729ab4a\" data-element_type=\"widget\" data-e-type=\"widget\" data-widget_type=\"text-editor.default\">\n\t\t\t\t\t\t\t\t\t<p class=\"p1\">La sala de lavander\u00eda ofrece un espacio pr\u00e1ctico y accesible para el cuidado de tu ropa. <strong>Autoservicio de lavander\u00eda de f\u00e1cil acceso y manejo con una app<\/strong> propia que te indicar\u00e1 la ocupaci\u00f3n o no de las m\u00e1quinas y tambi\u00e9n de cuando se termine tu servicio.<\/p><p class=\"p2\"><strong>Limpieza semanal de la habitaci\u00f3n<\/strong> con cambio de s\u00e1banas y toallas y limpieza diaria de las zonas comunes de la residencia.<\/p>\t\t\t\t\t\t\t\t<\/div>\n\t\t\t\t\t<\/div>\n\t\t\t\t<\/div>\n\t\t<div class=\"elementor-element elementor-element-d0ca8d5 e-flex e-con-boxed e-con e-parent\" data-id=\"d0ca8d5\" data-element_type=\"container\" data-e-type=\"container\" data-settings=\"{&quot;background_background&quot;:&quot;classic&quot;}\">\n\t\t\t\t\t<div class=\"e-con-inner\">\n\t\t\t\t<div class=\"elementor-element elementor-element-8a34f5c elementor-invisible elementor-widget elementor-widget-image\" data-id=\"8a34f5c\" data-element_type=\"widget\" data-e-type=\"widget\" data-settings=\"{&quot;_animation&quot;:&quot;fadeIn&quot;}\" data-widget_type=\"image.default\">\n\t\t\t\t\t\t\t\t\t\t\t\t\t\t\t<img loading=\"lazy\" decoding=\"async\" width=\"1200\" height=\"580\" src=\"https:\/\/odoncampusresidences.com\/wp-content\/uploads\/2026\/03\/la-residencia-lockers.jpg\" class=\"attachment-full size-full wp-image-223\" alt=\"\" srcset=\"https:\/\/odoncampusresidences.com\/wp-content\/uploads\/2026\/03\/la-residencia-lockers.jpg 1200w, https:\/\/odoncampusresidences.com\/wp-content\/uploads\/2026\/03\/la-residencia-lockers-600x290.jpg 600w, https:\/\/odoncampusresidences.com\/wp-content\/uploads\/2026\/03\/la-residencia-lockers-300x145.jpg 300w, https:\/\/odoncampusresidences.com\/wp-content\/uploads\/2026\/03\/la-residencia-lockers-1024x495.jpg 1024w, https:\/\/odoncampusresidences.com\/wp-content\/uploads\/2026\/03\/la-residencia-lockers-768x371.jpg 768w\" sizes=\"(max-width: 1200px) 100vw, 1200px\" \/>\t\t\t\t\t\t\t\t\t\t\t\t\t\t\t<\/div>\n\t\t\t\t<div class=\"elementor-element elementor-element-d5f4dfb elementor-invisible elementor-widget elementor-widget-heading\" data-id=\"d5f4dfb\" data-element_type=\"widget\" data-e-type=\"widget\" data-settings=\"{&quot;_animation&quot;:&quot;fadeInDown&quot;}\" data-widget_type=\"heading.default\">\n\t\t\t\t\t<h3 class=\"elementor-heading-title elementor-size-default\">AMAZON LOCKERS<\/h3>\t\t\t\t<\/div>\n\t\t\t\t<div class=\"elementor-element elementor-element-52160df elementor-widget elementor-widget-text-editor\" data-id=\"52160df\" data-element_type=\"widget\" data-e-type=\"widget\" data-widget_type=\"text-editor.default\">\n\t\t\t\t\t\t\t\t\t<p class=\"p1\">La residencia cuenta con<strong> Amazon lockers para recibir tus pedidos de forma c\u00f3moda y segura<\/strong>.<\/p><p class=\"p1\">Accesibles en cualquier momento, te permiten gestionar tus entregas de manera flexible, sin salir del edificio y con total tranquilidad.<\/p>\t\t\t\t\t\t\t\t<\/div>\n\t\t\t\t<div class=\"elementor-element elementor-element-8eb9159 elementor-widget elementor-widget-menu-anchor\" data-id=\"8eb9159\" data-element_type=\"widget\" data-e-type=\"widget\" data-widget_type=\"menu-anchor.default\">\n\t\t\t\t\t\t\t<div class=\"elementor-menu-anchor\" id=\"contacto\"><\/div>\n\t\t\t\t\t\t<\/div>\n\t\t\t\t\t<\/div>\n\t\t\t\t<\/div>\n\t\t\t\t<\/div>\n\t\t","protected":false},"excerpt":{"rendered":"<p>la residencia Nuestra residencia ofrece zonas comunes dise\u00f1adas para aportar comodidad, funcionalidad y un entorno cuidado donde estudiar, compartir y desconectar. Dispone de parking para bicicletas y monopatines con carga el\u00e9ctrica, sala multifuncional con cocina y m\u00e1quinas de vending con productos de primera calidad, amplio jard\u00edn y chill-out exterior, lavander\u00eda y Amazon lockers, todo pensado [&hellip;]<\/p>\n","protected":false},"author":1,"featured_media":0,"parent":0,"menu_order":0,"comment_status":"closed","ping_status":"closed","template":"elementor_header_footer","meta":{"inline_featured_image":false,"footnotes":""},"class_list":["post-212","page","type-page","status-publish","hentry","entry","owp-thumbs-layout-horizontal","owp-btn-very-big","owp-tabs-layout-horizontal","has-no-thumbnails"],"_links":{"self":[{"href":"https:\/\/odoncampusresidences.com\/index.php\/wp-json\/wp\/v2\/pages\/212","targetHints":{"allow":["GET"]}}],"collection":[{"href":"https:\/\/odoncampusresidences.com\/index.php\/wp-json\/wp\/v2\/pages"}],"about":[{"href":"https:\/\/odoncampusresidences.com\/index.php\/wp-json\/wp\/v2\/types\/page"}],"author":[{"embeddable":true,"href":"https:\/\/odoncampusresidences.com\/index.php\/wp-json\/wp\/v2\/users\/1"}],"replies":[{"embeddable":true,"href":"https:\/\/odoncampusresidences.com\/index.php\/wp-json\/wp\/v2\/comments?post=212"}],"version-history":[{"count":49,"href":"https:\/\/odoncampusresidences.com\/index.php\/wp-json\/wp\/v2\/pages\/212\/revisions"}],"predecessor-version":[{"id":1096,"href":"https:\/\/odoncampusresidences.com\/index.php\/wp-json\/wp\/v2\/pages\/212\/revisions\/1096"}],"wp:attachment":[{"href":"https:\/\/odoncampusresidences.com\/index.php\/wp-json\/wp\/v2\/media?parent=212"}],"curies":[{"name":"wp","href":"https:\/\/api.w.org\/{rel}","templated":true}]}}